{"id":3,"date":"2025-12-30T08:59:02","date_gmt":"2025-12-30T07:59:02","guid":{"rendered":"https:\/\/effizienz.app\/?page_id=3"},"modified":"2026-01-02T12:14:43","modified_gmt":"2026-01-02T11:14:43","slug":"datenschutzerklaerung","status":"publish","type":"page","link":"https:\/\/effizienz.app\/index.php\/datenschutzerklaerung\/","title":{"rendered":"Datenschutzerkl\u00e4rung"},"content":{"rendered":"\t\t<div data-elementor-type=\"wp-page\" data-elementor-id=\"3\" class=\"elementor elementor-3\">\n\t\t\t\t<div class=\"elementor-element elementor-element-6285ae71 e-flex e-con-boxed e-con e-parent\" data-id=\"6285ae71\" data-element_type=\"container\" data-e-type=\"container\">\n\t\t\t\t\t<div class=\"e-con-inner\">\n\t\t\t\t<div class=\"elementor-element elementor-element-48dafe39 elementor-widget elementor-widget-text-editor\" data-id=\"48dafe39\" data-element_type=\"widget\" data-e-type=\"widget\" data-widget_type=\"text-editor.default\">\n\t\t\t\t\t\t\t\t\tPersonenbezogene Daten (nachfolgend zumeist nur &#8222;Daten&#8220; genannt) werden von uns nur im Rahmen der Erforderlichkeit sowie zum Zwecke der Bereitstellung eines funktionsf\u00e4higen und nutzerfreundlichen Internetauftritts, inklusive seiner Inhalte und der dort angebotenen Leistungen, verarbeitet.\n\nGem\u00e4\u00df Art. 4 Ziffer 1. der Verordnung (EU) 2016\/679, also der Datenschutz-Grundverordnung (nachfolgend nur &#8222;DSGVO&#8220; genannt), gilt als &#8222;Verarbeitung&#8220; jeder mit oder ohne Hilfe automatisierter Verfahren ausgef\u00fchrter Vorgang oder jede solche Vorgangsreihe im Zusammenhang mit personenbezogenen Daten, wie das Erheben, das Erfassen, die Organisation, das Ordnen, die Speicherung, die Anpassung oder Ver\u00e4nderung, das Auslesen, das Abfragen, die Verwendung, die Offenlegung durch \u00dcbermittlung, Verbreitung oder eine andere Form der Bereitstellung, den Abgleich oder die Verkn\u00fcpfung, die Einschr\u00e4nkung, das L\u00f6schen oder die Vernichtung.\n\nMit der nachfolgenden Datenschutzerkl\u00e4rung informieren wir Sie insbesondere \u00fcber Art, Umfang, Zweck, Dauer und Rechtsgrundlage der Verarbeitung personenbezogener Daten, soweit wir entweder allein oder gemeinsam mit anderen \u00fcber die Zwecke und Mittel der Verarbeitung entscheiden. Zudem informieren wir Sie nachfolgend \u00fcber die von uns zu Optimierungszwecken sowie zur Steigerung der Nutzungsqualit\u00e4t eingesetzten Fremdkomponenten, soweit hierdurch Dritte Daten in wiederum eigener Verantwortung verarbeiten.\n\nUnsere Datenschutzerkl\u00e4rung ist wie folgt gegliedert:\n\nI. Informationen \u00fcber uns als Verantwortliche\nII. Rechte der Nutzer und Betroffenen\nIII. Informationen zur Datenverarbeitung\n<h3>I. Informationen \u00fcber uns als Verantwortliche<\/h3>\nVerantwortlicher Anbieter dieses Internetauftritts im datenschutzrechtlichen Sinne ist:\n\nSoftware Development Mike Fried\nWiesengasse 3\n64291 Darmstadt\nDeutschland\n\nTelefon: 06150-530807\nTelefax: 06150-520214\nE-Mail: fried@eudatabase.de\n\nDatenschutzbeauftragter beim Anbieter ist:\n\nThomas Rodenbusch&nbsp;\n\nBredowallee 27\n53125 Bonn\nDeutschland\n\nTelefon: 0228-2897222\nTelefax: 0228-2897223\nE-Mail: info@rodenbusch-systeme.de\n<h3>II. Rechte der Nutzer und Betroffenen<\/h3>\nMit Blick auf die nachfolgend noch n\u00e4her beschriebene Datenverarbeitung haben die Nutzer und Betroffenen das Recht\n<ul>\n \t<li>auf Best\u00e4tigung, ob sie betreffende Daten verarbeitet werden, auf Auskunft \u00fcber die verarbeiteten Daten, auf weitere Informationen \u00fcber die Datenverarbeitung sowie auf Kopien der Daten (vgl. auch Art. 15 DSGVO);<\/li>\n \t<li>auf Berichtigung oder Vervollst\u00e4ndigung unrichtiger bzw. unvollst\u00e4ndiger Daten (vgl. auch Art. 16 DSGVO);<\/li>\n \t<li>auf unverz\u00fcgliche L\u00f6schung der sie betreffenden Daten (vgl. auch Art. 17 DSGVO), oder, alternativ, soweit eine weitere Verarbeitung gem\u00e4\u00df Art. 17 Abs. 3 DSGVO erforderlich ist, auf Einschr\u00e4nkung der Verarbeitung nach Ma\u00dfgabe von Art. 18 DSGVO;<\/li>\n \t<li>auf Erhalt der sie betreffenden und von ihnen bereitgestellten Daten und auf \u00dcbermittlung dieser Daten an andere Anbieter\/Verantwortliche (vgl. auch Art. 20 DSGVO);<\/li>\n \t<li>auf Beschwerde gegen\u00fcber der Aufsichtsbeh\u00f6rde, sofern sie der Ansicht sind, dass die sie betreffenden Daten durch den Anbieter unter Versto\u00df gegen datenschutzrechtliche Bestimmungen verarbeitet werden (vgl. auch Art. 77 DSGVO).<\/li>\n<\/ul>\nDar\u00fcber hinaus ist der Anbieter dazu verpflichtet, alle Empf\u00e4nger, denen gegen\u00fcber Daten durch den Anbieter offengelegt worden sind, \u00fcber jedwede Berichtigung oder L\u00f6schung von Daten oder die Einschr\u00e4nkung der Verarbeitung, die aufgrund der Artikel 16, 17 Abs. 1, 18 DSGVO erfolgt, zu unterrichten. Diese Verpflichtung besteht jedoch nicht, soweit diese Mitteilung unm\u00f6glich oder mit einem unverh\u00e4ltnism\u00e4\u00dfigen Aufwand verbunden ist. Unbeschadet dessen hat der Nutzer ein Recht auf Auskunft \u00fcber diese Empf\u00e4nger.\n\n<strong>Ebenfalls haben die Nutzer und Betroffenen nach Art. 21 DSGVO das Recht auf Widerspruch gegen die k\u00fcnftige Verarbeitung der sie betreffenden Daten, sofern die Daten durch den Anbieter nach Ma\u00dfgabe von Art. 6 Abs. 1 lit. f) DSGVO verarbeitet werden. Insbesondere ist ein Widerspruch gegen die Datenverarbeitung zum Zwecke der Direktwerbung statthaft.<\/strong>\n<h3>III. Informationen zur Datenverarbeitung<\/h3>\nIhre bei Nutzung unseres Internetauftritts verarbeiteten Daten werden gel\u00f6scht oder gesperrt, sobald der Zweck der Speicherung entf\u00e4llt, der L\u00f6schung der Daten keine gesetzlichen Aufbewahrungspflichten entgegenstehen und nachfolgend keine anderslautenden Angaben zu einzelnen Verarbeitungsverfahren gemacht werden.\n<h4>Serverdaten<\/h4>\nAus technischen Gr\u00fcnden, insbesondere zur Gew\u00e4hrleistung eines sicheren und stabilen Internetauftritts, werden Daten durch Ihren Internet-Browser an uns bzw. an unseren Webspace-Provider \u00fcbermittelt. Mit diesen sog. Server-Logfiles werden u.a. Typ und Version Ihres Internetbrowsers, das Betriebssystem, die Website, von der aus Sie auf unseren Internetauftritt gewechselt haben (Referrer URL), die Website(s) unseres Internetauftritts, die Sie besuchen, Datum und Uhrzeit des jeweiligen Zugriffs sowie die IP-Adresse des Internetanschlusses, von dem aus die Nutzung unseres Internetauftritts erfolgt, erhoben.\n\nDiese so erhobenen Daten werden vorr\u00fcbergehend gespeichert, dies jedoch nicht gemeinsam mit anderen Daten von Ihnen.\n\nDiese Speicherung erfolgt auf der Rechtsgrundlage von Art. 6 Abs. 1 lit. f) DSGVO. Unser berechtigtes Interesse liegt in der Verbesserung, Stabilit\u00e4t, Funktionalit\u00e4t und Sicherheit unseres Internetauftritts.\n\nDie Daten werden sp\u00e4testens nach sieben Tage wieder gel\u00f6scht, soweit keine weitere Aufbewahrung zu Beweiszwecken erforderlich ist. Andernfalls sind die Daten bis zur endg\u00fcltigen Kl\u00e4rung eines Vorfalls ganz oder teilweise von der L\u00f6schung ausgenommen.\n<h4>Cookies<\/h4>\n<h5>a) Sitzungs-Cookies\/Session-Cookies<\/h5>\nWir verwenden mit unserem Internetauftritt sog. Cookies. Cookies sind kleine Textdateien oder andere Speichertechnologien, die durch den von Ihnen eingesetzten Internet-Browser auf Ihrem Endger\u00e4t ablegt und gespeichert werden. Durch diese Cookies werden im individuellen Umfang bestimmte Informationen von Ihnen, wie beispielsweise Ihre Browser- oder Standortdaten oder Ihre IP-Adresse, verarbeitet. &nbsp;\n\nDurch diese Verarbeitung wird unser Internetauftritt benutzerfreundlicher, effektiver und sicherer, da die Verarbeitung bspw. die Wiedergabe unseres Internetauftritts in unterschiedlichen Sprachen oder das Angebot einer Warenkorbfunktion erm\u00f6glicht.\n\nRechtsgrundlage dieser Verarbeitung ist Art. 6 Abs. 1 lit b.) DSGVO, sofern diese Cookies Daten zur Vertragsanbahnung oder Vertragsabwicklung verarbeitet werden.\n\nFalls die Verarbeitung nicht der Vertragsanbahnung oder Vertragsabwicklung dient, liegt unser berechtigtes Interesse in der Verbesserung der Funktionalit\u00e4t unseres Internetauftritts. Rechtsgrundlage ist in dann Art. 6 Abs. 1 lit. f) DSGVO.\n\nMit Schlie\u00dfen Ihres Internet-Browsers werden diese Session-Cookies gel\u00f6scht.\n<h5>b) Drittanbieter-Cookies<\/h5>\nGegebenenfalls werden mit unserem Internetauftritt auch Cookies von Partnerunternehmen, mit denen wir zum Zwecke der Werbung, der Analyse oder der Funktionalit\u00e4ten unseres Internetauftritts zusammenarbeiten, verwendet.\n\nDie Einzelheiten hierzu, insbesondere zu den Zwecken und den Rechtsgrundlagen der Verarbeitung solcher Drittanbieter-Cookies, entnehmen Sie bitte den nachfolgenden Informationen.\n<h5>c) Beseitigungsm\u00f6glichkeit<\/h5>\nSie k\u00f6nnen die Installation der Cookies durch eine Einstellung Ihres Internet-Browsers verhindern oder einschr\u00e4nken. Ebenfalls k\u00f6nnen Sie bereits gespeicherte Cookies jederzeit l\u00f6schen. Die hierf\u00fcr erforderlichen Schritte und Ma\u00dfnahmen h\u00e4ngen jedoch von Ihrem konkret genutzten Internet-Browser ab. Bei Fragen benutzen Sie daher bitte die Hilfefunktion oder Dokumentation Ihres Internet-Browsers oder wenden sich an dessen Hersteller bzw. Support. Bei sog. Flash-Cookies kann die Verarbeitung allerdings nicht \u00fcber die Einstellungen des Browsers unterbunden werden. Stattdessen m\u00fcssen Sie insoweit die Einstellung Ihres Flash-Players \u00e4ndern. Auch die hierf\u00fcr erforderlichen Schritte und Ma\u00dfnahmen h\u00e4ngen von Ihrem konkret genutzten Flash-Player ab. Bei Fragen benutzen Sie daher bitte ebenso die Hilfefunktion oder Dokumentation Ihres Flash-Players oder wenden sich an den Hersteller bzw. Benutzer-Support.\n\nSollten Sie die Installation der Cookies verhindern oder einschr\u00e4nken, kann dies allerdings dazu f\u00fchren, dass nicht s\u00e4mtliche Funktionen unseres Internetauftritts vollumf\u00e4nglich nutzbar sind.\n<h4>Kundenkonto \/ Registrierungsfunktion<\/h4>\nFalls Sie \u00fcber unseren Internetauftritt ein Kundenkonto bei uns anlegen, werden wir die von Ihnen bei der Registrierung eingegebenen Daten (also bspw. Ihren Namen, Ihre Anschrift oder Ihre E-Mail-Adresse) ausschlie\u00dflich f\u00fcr vorvertragliche Leistungen, f\u00fcr die Vertragserf\u00fcllung oder zum Zwecke der Kundenpflege (bspw. um Ihnen eine \u00dcbersicht \u00fcber Ihre bisherigen Bestellungen bei uns zur Verf\u00fcgung zu stellen oder um Ihnen die sog. Merkzettelfunktion anbieten zu k\u00f6nnen) erheben und speichern. Gleichzeitig speichern wir dann die IP-Adresse und das Datum Ihrer Registrierung nebst Uhrzeit. Eine Weitergabe dieser Daten an Dritte erfolgt nat\u00fcrlich nicht.\n\nIm Rahmen des weiteren Anmeldevorgangs wird Ihre Einwilligung in diese Verarbeitung eingeholt und auf diese Datenschutzerkl\u00e4rung verwiesen. Die dabei von uns erhobenen Daten werden ausschlie\u00dflich f\u00fcr die Zurverf\u00fcgungstellung des Kundenkontos verwendet.&nbsp;\n\nSoweit Sie in diese Verarbeitung einwilligen, ist Art. 6 Abs. 1 lit. a) DSGVO Rechtsgrundlage f\u00fcr die Verarbeitung.\n\nSofern die Er\u00f6ffnung des Kundenkontos zus\u00e4tzlich auch vorvertraglichen Ma\u00dfnahmen oder der Vertragserf\u00fcllung dient, so ist Rechtsgrundlage f\u00fcr diese Verarbeitung auch noch Art. 6 Abs. 1 lit. b) DSGVO.\n\nDie uns erteilte Einwilligung in die Er\u00f6ffnung und den Unterhalt des Kundenkontos k\u00f6nnen Sie gem\u00e4\u00df Art. 7 Abs. 3 DSGVO jederzeit mit Wirkung f\u00fcr die Zukunft widerrufen. Hierzu m\u00fcssen Sie uns lediglich \u00fcber Ihren Widerruf in Kenntnis setzen.\n\nDie insoweit erhobenen Daten werden gel\u00f6scht, sobald die Verarbeitung nicht mehr erforderlich ist. Hierbei m\u00fcssen wir aber steuer- und handelsrechtliche Aufbewahrungsfristen beachten.\n<h4>Newsletter<\/h4>\nFalls Sie sich f\u00fcr unseren kostenlosen Newsletter anmelden, werden die von Ihnen hierzu abgefragten Daten, also Ihre E-Mail-Adresse sowie &#8211; optional &#8211; Ihr Name und Ihre Anschrift, an uns \u00fcbermittelt. Gleichzeitig speichern wir die IP-Adresse des Internetanschlusses von dem aus Sie auf unseren Internetauftritt zugreifen sowie Datum und Uhrzeit Ihrer Anmeldung. Im Rahmen des weiteren Anmeldevorgangs werden wir Ihre Einwilligung in die \u00dcbersendung des Newsletters einholen, den Inhalt konkret beschreiben und auf diese Datenschutzerkl\u00e4rung verwiesen. Die dabei erhobenen Daten verwenden wir ausschlie\u00dflich f\u00fcr den Newsletter-Versand &#8211; sie werden deshalb insbesondere auch nicht an Dritte weitergegeben.\n\nRechtsgrundlage hierbei ist Art. 6 Abs. 1 lit. a) DSGVO.\n\nDie Einwilligung in den Newsletter-Versand k\u00f6nnen Sie gem\u00e4\u00df Art. 7 Abs. 3 DSGVO jederzeit mit Wirkung f\u00fcr die Zukunft widerrufen. Hierzu m\u00fcssen Sie uns lediglich \u00fcber Ihren Widerruf in Kenntnis setzen oder den in jedem Newsletter enthaltenen Abmeldelink bet\u00e4tigen.\n<h4>Kontaktanfragen \/ Kontaktm\u00f6glichkeit<\/h4>\nSofern Sie per Kontaktformular oder E-Mail mit uns in Kontakt treten, werden die dabei von Ihnen angegebenen Daten zur Bearbeitung Ihrer Anfrage genutzt. Die Angabe der Daten ist zur Bearbeitung und Beantwortung Ihre Anfrage erforderlich &#8211; ohne deren Bereitstellung k\u00f6nnen wir Ihre Anfrage nicht oder allenfalls eingeschr\u00e4nkt beantworten.\n\nRechtsgrundlage f\u00fcr diese Verarbeitung ist Art. 6 Abs. 1 lit. b) DSGVO.\n\nIhre Daten werden gel\u00f6scht, sofern Ihre Anfrage abschlie\u00dfend beantwortet worden ist und der L\u00f6schung keine gesetzlichen Aufbewahrungspflichten entgegenstehen, wie bspw. bei einer sich etwaig anschlie\u00dfenden Vertragsabwicklung.\n<h4>Nutzerbeitr\u00e4ge, Kommentare und Bewertungen<\/h4>\nWir bieten Ihnen an, auf unseren Internetseiten Fragen, Antworten, Meinungen oder Bewertungen, nachfolgend nur &#8222;Beitr\u00e4ge genannt, zu ver\u00f6ffentlichen. Sofern Sie dieses Angebot in Anspruch nehmen, verarbeiten und ver\u00f6ffentlichen wir Ihren Beitrag, Datum und Uhrzeit der Einreichung sowie das von Ihnen ggf. genutzte Pseudonym.\n\nRechtsgrundlage hierbei ist Art. 6 Abs. 1 lit. a) DSGVO. Die Einwilligung k\u00f6nnen Sie gem\u00e4\u00df Art. 7 Abs. 3 DSGVO jederzeit mit Wirkung f\u00fcr die Zukunft widerrufen. Hierzu m\u00fcssen Sie uns lediglich \u00fcber Ihren Widerruf in Kenntnis setzen.\n\nDar\u00fcber hinaus verarbeiten wir auch Ihre IP- und E-Mail-Adresse. Die IP-Adresse wird verarbeitet, weil wir ein berechtigtes Interesse daran haben, weitere Schritte einzuleiten oder zu unterst\u00fctzen, sofern Ihr Beitrag in Rechte Dritter eingreift und\/oder er sonst wie rechtswidrig erfolgt.\n\nRechtsgrundlage ist in diesem Fall Art. 6 Abs. 1 lit. f) DSGVO. Unser berechtigtes Interesse liegt in der ggf. notwendigen Rechtsverteidigung.\n<h4>Google Analytics<\/h4>\nIn unserem Internetauftritt setzen wir Google Analytics ein. Hierbei handelt es sich um einen Webanalysedienst der Google LLC, Gordon House, Barrow Street, Dublin 4, Irland, nachfolgend nur &#8222;Google&#8220; genannt.\n\nDurch die Zertifizierung nach dem EU-US-Datenschutzschild (&#8222;EU-US Privacy Shield&#8220;)\n\n<a href=\"https:\/\/www.privacyshield.gov\/participant?id=a2zt000000001L5AAI&amp;status=Active\" target=\"_blank\" rel=\"noopener noreferrer\">https:\/\/www.privacyshield.gov\/participant?id=a2zt000000001L5AAI&amp;status=Active<\/a>\n\ngarantiert Google, dass die Datenschutzvorgaben der EU auch bei der Verarbeitung von Daten in den USA eingehalten werden.\n\nDer Dienst Google Analytics dient zur Analyse des Nutzungsverhaltens unseres Internetauftritts. Rechtsgrundlage ist Art. 6 Abs. 1 lit. f) DSGVO. Unser berechtigtes Interesse liegt in der Analyse, Optimierung und dem wirtschaftlichen Betrieb unseres Internetauftritts.\n\nNutzungs- und nutzerbezogene Informationen, wie bspw. IP-Adresse, Ort, Zeit oder H\u00e4ufigkeit des Besuchs unseres Internetauftritts, werden dabei an einen Server von Google in den USA \u00fcbertragen und dort gespeichert. Allerdings nutzen wir Google Analytics mit der sog. Anonymisierungsfunktion. Durch diese Funktion k\u00fcrzt Google die IP-Adresse schon innerhalb der EU bzw. des EWR.\n\nDie so erhobenen Daten werden wiederum von Google genutzt, um uns eine Auswertung \u00fcber den Besuch unseres Internetauftritts sowie \u00fcber die dortigen Nutzungsaktivit\u00e4ten zur Verf\u00fcgung zu stellen. Auch k\u00f6nnen diese Daten genutzt werden, um weitere Dienstleistungen zu erbringen, die mit der Nutzung unseres Internetauftritts und der Nutzung des Internets zusammenh\u00e4ngen.\n\nGoogle gibt an, Ihre IP-Adresse nicht mit anderen Daten zu verbinden. Zudem h\u00e4lt Google unter\n\n<a href=\"https:\/\/www.google.com\/intl\/de\/policies\/privacy\/partners\" target=\"_blank\" rel=\"noopener noreferrer\">https:\/\/www.google.com\/intl\/de\/policies\/privacy\/partners<\/a>\n\nweitere datenschutzrechtliche Informationen f\u00fcr Sie bereit, so bspw. auch zu den M\u00f6glichkeiten, die Datennutzung zu unterbinden.\n\nZudem bietet Google unter\n\n<a href=\"https:\/\/tools.google.com\/dlpage\/gaoptout?hl=de\" target=\"_blank\" rel=\"noopener noreferrer\">https:\/\/tools.google.com\/dlpage\/gaoptout?hl=de<\/a>\n\nein sog. Deaktivierungs-Add-on nebst weiteren Informationen hierzu an. Dieses Add-on l\u00e4sst sich mit den g\u00e4ngigen Internet-Browsern installieren und bietet Ihnen weitergehende Kontrollm\u00f6glichkeit \u00fcber die Daten, die Google bei Aufruf unseres Internetauftritts erfasst. Dabei teilt das Add-on dem JavaScript (ga.js) von Google Analytics mit, dass Informationen zum Besuch unseres Internetauftritts nicht an Google Analytics \u00fcbermittelt werden sollen. Dies verhindert aber nicht, dass Informationen an uns oder an andere Webanalysedienste \u00fcbermittelt werden. Ob und welche weiteren Webanalysedienste von uns eingesetzt werden, erfahren Sie nat\u00fcrlich ebenfalls in dieser Datenschutzerkl\u00e4rung.\n<h4>Google-Maps<\/h4>\nIn unserem Internetauftritt setzen wir Google Maps zur Darstellung unseres Standorts sowie zur Erstellung einer Anfahrtsbeschreibung ein. Es handelt sich hierbei um einen Dienst der Google LLC, Gordon House, Barrow Street, Dublin 4, Irland, nachfolgend nur &#8222;Google&#8220; genannt.\n\nDurch die Zertifizierung nach dem EU-US-Datenschutzschild (&#8222;EU-US Privacy Shield&#8220;)\n\n<a href=\"https:\/\/www.privacyshield.gov\/participant?id=a2zt000000001L5AAI&amp;status=Active\" target=\"_blank\" rel=\"noopener noreferrer\">https:\/\/www.privacyshield.gov\/participant?id=a2zt000000001L5AAI&amp;status=Active<\/a>\n\ngarantiert Google, dass die Datenschutzvorgaben der EU auch bei der Verarbeitung von Daten in den USA eingehalten werden.\n\nUm die Darstellung bestimmter Schriften in unserem Internetauftritt zu erm\u00f6glichen, wird bei Aufruf unseres Internetauftritts eine Verbindung zu dem Google-Server in den USA aufgebaut.\n\nSofern Sie die in unseren Internetauftritt eingebundene Komponente Google Maps aufrufen, speichert Google \u00fcber Ihren Internet-Browser ein Cookie auf Ihrem Endger\u00e4t. Um unseren Standort anzuzeigen und eine Anfahrtsbeschreibung zu erstellen, werden Ihre Nutzereinstellungen und -daten verarbeitet. Hierbei k\u00f6nnen wir nicht ausschlie\u00dfen, dass Google Server in den USA einsetzt.\n\nRechtsgrundlage ist Art. 6 Abs. 1 lit. f) DSGVO. Unser berechtigtes Interesse liegt in der Optimierung der Funktionalit\u00e4t unseres Internetauftritts.\n\nDurch die so hergestellte Verbindung zu Google kann Google ermitteln, von welcher Website Ihre Anfrage gesendet worden ist und an welche IP-Adresse die Anfahrtsbeschreibung zu \u00fcbermitteln ist.\n\nSofern Sie mit dieser Verarbeitung nicht einverstanden sind, haben Sie die M\u00f6glichkeit, die Installation der Cookies durch die entsprechenden Einstellungen in Ihrem Internet-Browser zu verhindern. Einzelheiten hierzu finden Sie vorstehend unter dem Punkt &#8222;Cookies&#8220;.\n\nZudem erfolgt die Nutzung von Google Maps sowie der \u00fcber Google Maps erlangten Informationen nach den <a href=\"http:\/\/www.google.de\/accounts\/TOS\" target=\"_blank\" rel=\"noopener noreferrer\">Google-Nutzungsbedingungen<\/a>&nbsp;<a href=\"https:\/\/policies.google.com\/terms?gl=DE&amp;hl=de\" target=\"_blank\" rel=\"noopener noreferrer\">https:\/\/policies.google.com\/terms?gl=DE&amp;hl=de<\/a> und den <a href=\"http:\/\/www.google.com\/intl\/de_de\/help\/terms_maps.html\" target=\"_blank\" rel=\"noopener noreferrer\">Gesch\u00e4ftsbedingungen f\u00fcr Google Maps<\/a> https:\/\/www.google.com\/intl\/de_de\/help\/terms_maps.html.\n\n\u00dcberdies bietet Google unter\n\n<a href=\"https:\/\/adssettings.google.com\/authenticated\" target=\"_blank\" rel=\"noopener noreferrer\">https:\/\/adssettings.google.com\/authenticated<\/a>\n\n<a href=\"https:\/\/policies.google.com\/privacy\" target=\"_blank\" rel=\"noopener noreferrer\">https:\/\/policies.google.com\/privacy<\/a>\n\nweitergehende Informationen an.\n<h4>Google Fonts<\/h4>\nIn unserem Internetauftritt setzen wir Google Fonts zur Darstellung externer Schriftarten ein. Es handelt sich hierbei um einen Dienst der Google LLC, Gordon House, Barrow Street, Dublin 4, Irland, nachfolgend nur &#8222;Google&#8220; genannt.\n\nDurch die Zertifizierung nach dem EU-US-Datenschutzschild (&#8222;EU-US Privacy Shield&#8220;)\n\n<a href=\"https:\/\/www.privacyshield.gov\/participant?id=a2zt000000001L5AAI&amp;status=Active\" target=\"_blank\" rel=\"noopener noreferrer\">https:\/\/www.privacyshield.gov\/participant?id=a2zt000000001L5AAI&amp;status=Active<\/a>\n\ngarantiert Google, dass die Datenschutzvorgaben der EU auch bei der Verarbeitung von Daten in den USA eingehalten werden.\n\nUm die Darstellung bestimmter Schriften in unserem Internetauftritt zu erm\u00f6glichen, wird bei Aufruf unseres Internetauftritts eine Verbindung zu dem Google-Server in den USA aufgebaut.\n\nRechtsgrundlage ist Art. 6 Abs. 1 lit. f) DSGVO. Unser berechtigtes Interesse liegt in der Optimierung und dem wirtschaftlichen Betrieb unseres Internetauftritts.\n\nDurch die bei Aufruf unseres Internetauftritts hergestellte Verbindung zu Google kann Google ermitteln, von welcher Website Ihre Anfrage gesendet worden ist und an welche IP-Adresse die Darstellung der Schrift zu \u00fcbermitteln ist.\n\nGoogle bietet unter\n\n<a href=\"https:\/\/adssettings.google.com\/authenticated\" target=\"_blank\" rel=\"noopener noreferrer\">https:\/\/adssettings.google.com\/authenticated<\/a>\n\n<a href=\"https:\/\/policies.google.com\/privacy\" target=\"_blank\" rel=\"noopener noreferrer\">https:\/\/policies.google.com\/privacy<\/a>\n\nweitere Informationen an und zwar insbesondere zu den M\u00f6glichkeiten der Unterbindung der Datennutzung.\n\n<a href=\"https:\/\/www.ratgeberrecht.eu\/leistungen\/muster-datenschutzerklaerung.html\" target=\"_blank\" rel=\"noopener noreferrer\">Basierend auf der Muster-Datenschutzerkl\u00e4rung<\/a> der <a href=\"https:\/\/www.ratgeberrecht.eu\/\" target=\"_blank\" rel=\"noopener noreferrer\">Anwaltskanzlei Wei\u00df &amp; Partner<\/a>\t\t\t\t\t\t\t\t<\/div>\n\t\t\t\t\t<\/div>\n\t\t\t\t<\/div>\n\t\t\t\t<\/div>\n\t\t","protected":false},"excerpt":{"rendered":"<p>Personenbezogene Daten (nachfolgend zumeist nur &#8222;Daten&#8220; genannt) werden von uns nur im Rahmen der Erforderlichkeit sowie zum Zwecke der Bereitstellung eines funktionsf\u00e4higen und nutzerfreundlichen Internetauftritts, inklusive seiner Inhalte und der dort angebotenen Leistungen, verarbeitet. Gem\u00e4\u00df Art. 4 Ziffer 1. der Verordnung (EU) 2016\/679, also der Datenschutz-Grundverordnung (nachfolgend nur &#8222;DSGVO&#8220; genannt), gilt als &#8222;Verarbeitung&#8220; jeder mit [&hellip;]<\/p>\n","protected":false},"author":1,"featured_media":0,"parent":0,"menu_order":0,"comment_status":"closed","ping_status":"open","template":"","meta":{"footnotes":""},"class_list":["post-3","page","type-page","status-publish","hentry"],"_links":{"self":[{"href":"https:\/\/effizienz.app\/index.php\/wp-json\/wp\/v2\/pages\/3","targetHints":{"allow":["GET"]}}],"collection":[{"href":"https:\/\/effizienz.app\/index.php\/wp-json\/wp\/v2\/pages"}],"about":[{"href":"https:\/\/effizienz.app\/index.php\/wp-json\/wp\/v2\/types\/page"}],"author":[{"embeddable":true,"href":"https:\/\/effizienz.app\/index.php\/wp-json\/wp\/v2\/users\/1"}],"replies":[{"embeddable":true,"href":"https:\/\/effizienz.app\/index.php\/wp-json\/wp\/v2\/comments?post=3"}],"version-history":[{"count":3,"href":"https:\/\/effizienz.app\/index.php\/wp-json\/wp\/v2\/pages\/3\/revisions"}],"predecessor-version":[{"id":264,"href":"https:\/\/effizienz.app\/index.php\/wp-json\/wp\/v2\/pages\/3\/revisions\/264"}],"wp:attachment":[{"href":"https:\/\/effizienz.app\/index.php\/wp-json\/wp\/v2\/media?parent=3"}],"curies":[{"name":"wp","href":"https:\/\/api.w.org\/{rel}","templated":true}]}}